{"id":59,"date":"2024-03-14T22:24:11","date_gmt":"2024-03-14T21:24:11","guid":{"rendered":"https:\/\/iubilaeum2025roma.com\/?page_id=59"},"modified":"2024-03-14T22:24:11","modified_gmt":"2024-03-14T21:24:11","slug":"la-basilica-di-san-paolo-fuori-le-mura","status":"publish","type":"page","link":"https:\/\/iubilaeum2025roma.com\/index.php\/la-basilica-di-san-paolo-fuori-le-mura\/","title":{"rendered":"La Basilica di San Paolo fuori le Mura"},"content":{"rendered":"\n<div class=\"wp-block-media-text has-media-on-the-right is-stacked-on-mobile\" style=\"grid-template-columns:auto 41%\"><div class=\"wp-block-media-text__content\">\n<p class=\"has-ast-global-color-8-color has-text-color has-link-color wp-elements-ff1a0a33669b287ef4fec9d198d5836f\">La Basilica di San Paolo fuori le Mura occupa un posto di rilievo nei cuori dei fedeli durante il Giubileo proclamato da Papa Francesco. Questo magnifico edificio, situato al di fuori delle mura vaticane, \u00e8 uno dei luoghi pi\u00f9 sacri della cristianit\u00e0 e rappresenta una tappa cruciale per i pellegrini in cerca di riconciliazione e di crescita spirituale durante l&#8217;Anno Santo. La basilica, costruita sopra la tomba dell&#8217;apostolo Paolo, \u00e8 un simbolo potente del legame indissolubile che unisce i fedeli con le radici della loro fede.<\/p>\n<\/div><figure class=\"wp-block-media-text__media\"><img loading=\"lazy\" decoding=\"async\" width=\"1024\" height=\"680\" src=\"https:\/\/iubilaeum2025roma.com\/wp-content\/uploads\/2024\/03\/giubileo_2025_san_paolo_basilica-1024x680.jpg\" alt=\"\" class=\"wp-image-60 size-full\" srcset=\"https:\/\/iubilaeum2025roma.com\/wp-content\/uploads\/2024\/03\/giubileo_2025_san_paolo_basilica-1024x680.jpg 1024w, https:\/\/iubilaeum2025roma.com\/wp-content\/uploads\/2024\/03\/giubileo_2025_san_paolo_basilica-300x199.jpg 300w, https:\/\/iubilaeum2025roma.com\/wp-content\/uploads\/2024\/03\/giubileo_2025_san_paolo_basilica-768x510.jpg 768w, https:\/\/iubilaeum2025roma.com\/wp-content\/uploads\/2024\/03\/giubileo_2025_san_paolo_basilica-1536x1020.jpg 1536w, https:\/\/iubilaeum2025roma.com\/wp-content\/uploads\/2024\/03\/giubileo_2025_san_paolo_basilica.jpg 1542w\" sizes=\"(max-width: 1024px) 100vw, 1024px\" \/><\/figure><\/div>\n\n\n\n<p class=\"has-ast-global-color-8-color has-text-color has-link-color wp-elements-02f1033fa7c59fdb8f50a16788485a9e\">Durante il Giubileo, San Paolo fuori le Mura diventa un punto d&#8217;incontro emblematico per chi desidera approfondire il proprio percorso di fede attraverso la preghiera e la meditazione. L&#8217;apertura della Porta Santa in questa basilica, un evento solenne presieduto da Papa Francesco, segna simbolicamente l&#8217;invito a entrare in un nuovo cammino di purificazione e di accettazione della misericordia divina. \u00c8 un momento di profonda spiritualit\u00e0, che offre ai pellegrini l&#8217;opportunit\u00e0 di riflettere sul messaggio di pace e di riconciliazione che l&#8217;apostolo Paolo ha trasmesso attraverso i suoi scritti.<\/p>\n\n\n\n<p class=\"has-ast-global-color-8-color has-text-color has-link-color wp-elements-64ad07bf3025f318d172390470894469\">La Basilica di San Paolo fuori le Mura, con la sua imponente architettura e i preziosi mosaici, non \u00e8 soltanto una meta di grande interesse artistico e storico, ma anche un luogo dove il Giubileo promosso da Papa Francesco trova una delle sue espressioni pi\u00f9 toccanti. Qui, i fedeli possono sperimentare il senso di comunit\u00e0 che caratterizza la Chiesa, riscoprendo l&#8217;importanza del perdono e della condivisione fraterna. In questo contesto, la basilica si conferma come spazio di accoglienza e di rinnovamento spirituale, in linea con l&#8217;invito di Papa Francesco a vivere il Giubileo come un&#8217;occasione per avvicinarsi ancor pi\u00f9 a Dio e ai fratelli in spirito di autentica conversione.<\/p>\n","protected":false},"excerpt":{"rendered":"<p>La Basilica di San Paolo fuori le Mura occupa un posto di rilievo nei cuori dei fedeli durante il Giubileo [&hellip;]<\/p>\n","protected":false},"author":1,"featured_media":0,"parent":0,"menu_order":0,"comment_status":"closed","ping_status":"closed","template":"","meta":{"site-sidebar-layout":"default","site-content-layout":"","ast-site-content-layout":"","site-content-style":"default","site-sidebar-style":"default","ast-global-header-display":"","ast-banner-title-visibility":"","ast-main-header-display":"","ast-hfb-above-header-display":"","ast-hfb-below-header-display":"","ast-hfb-mobile-header-display":"","site-post-title":"","ast-breadcrumbs-content":"","ast-featured-img":"","footer-sml-layout":"","theme-transparent-header-meta":"","adv-header-id-meta":"","stick-header-meta":"","header-above-stick-meta":"","header-main-stick-meta":"","header-below-stick-meta":"","astra-migrate-meta-layouts":"default","ast-page-background-enabled":"default","ast-page-background-meta":{"desktop":{"background-color":"var(--ast-global-color-4)","background-image":"","background-repeat":"repeat","background-position":"center center","background-size":"auto","background-attachment":"scroll","background-type":"","background-media":"","overlay-type":"","overlay-color":"","overlay-gradient":""},"tablet":{"background-color":"","background-image":"","background-repeat":"repeat","background-position":"center center","background-size":"auto","background-attachment":"scroll","background-type":"","background-media":"","overlay-type":"","overlay-color":"","overlay-gradient":""},"mobile":{"background-color":"","background-image":"","background-repeat":"repeat","background-position":"center center","background-size":"auto","background-attachment":"scroll","background-type":"","background-media":"","overlay-type":"","overlay-color":"","overlay-gradient":""}},"ast-content-background-meta":{"desktop":{"background-color":"var(--ast-global-color-5)","background-image":"","background-repeat":"repeat","background-position":"center center","background-size":"auto","background-attachment":"scroll","background-type":"","background-media":"","overlay-type":"","overlay-color":"","overlay-gradient":""},"tablet":{"background-color":"var(--ast-global-color-5)","background-image":"","background-repeat":"repeat","background-position":"center center","background-size":"auto","background-attachment":"scroll","background-type":"","background-media":"","overlay-type":"","overlay-color":"","overlay-gradient":""},"mobile":{"background-color":"var(--ast-global-color-5)","background-image":"","background-repeat":"repeat","background-position":"center center","background-size":"auto","background-attachment":"scroll","background-type":"","background-media":"","overlay-type":"","overlay-color":"","overlay-gradient":""}},"footnotes":""},"aioseo_notices":[],"_links":{"self":[{"href":"https:\/\/iubilaeum2025roma.com\/index.php\/wp-json\/wp\/v2\/pages\/59"}],"collection":[{"href":"https:\/\/iubilaeum2025roma.com\/index.php\/wp-json\/wp\/v2\/pages"}],"about":[{"href":"https:\/\/iubilaeum2025roma.com\/index.php\/wp-json\/wp\/v2\/types\/page"}],"author":[{"embeddable":true,"href":"https:\/\/iubilaeum2025roma.com\/index.php\/wp-json\/wp\/v2\/users\/1"}],"replies":[{"embeddable":true,"href":"https:\/\/iubilaeum2025roma.com\/index.php\/wp-json\/wp\/v2\/comments?post=59"}],"version-history":[{"count":1,"href":"https:\/\/iubilaeum2025roma.com\/index.php\/wp-json\/wp\/v2\/pages\/59\/revisions"}],"predecessor-version":[{"id":61,"href":"https:\/\/iubilaeum2025roma.com\/index.php\/wp-json\/wp\/v2\/pages\/59\/revisions\/61"}],"wp:attachment":[{"href":"https:\/\/iubilaeum2025roma.com\/index.php\/wp-json\/wp\/v2\/media?parent=59"}],"curies":[{"name":"wp","href":"https:\/\/api.w.org\/{rel}","templated":true}]}}