{"id":56,"date":"2024-03-14T22:19:37","date_gmt":"2024-03-14T21:19:37","guid":{"rendered":"https:\/\/iubilaeum2025roma.com\/?page_id=56"},"modified":"2024-03-14T22:19:37","modified_gmt":"2024-03-14T21:19:37","slug":"la-basilica-di-san-giovanni-in-laterano","status":"publish","type":"page","link":"https:\/\/iubilaeum2025roma.com\/index.php\/la-basilica-di-san-giovanni-in-laterano\/","title":{"rendered":"La Basilica di San Giovanni in Laterano"},"content":{"rendered":"\n<div class=\"wp-block-media-text has-media-on-the-right is-stacked-on-mobile\" style=\"grid-template-columns:auto 43%\"><div class=\"wp-block-media-text__content\">\n<p class=\"has-ast-global-color-8-color has-text-color has-link-color wp-elements-de42206add0cb8c3155043f0e845df84\">La Basilica di San Giovanni in Laterano, la cattedrale del Vescovo di Roma, Papa Francesco, riveste un&#8217;importanza fondamentale nel Giubileo. Questo edificio storico, noto come la &#8220;Madre di tutte le chiese nel mondo&#8221;, \u00e8 una delle quattro basiliche maggiori che accolgono i pellegrini che cercano un profondo rinnovamento spirituale durante l&#8217;Anno Santo.Nel Giubileo proclamato da Papa Francesco, San Giovanni in Laterano si distingue come simbolo di unit\u00e0 della comunit\u00e0 cristiana, poich\u00e9 \u00e8 qui che si trova il trono papale, segno della guida pastorale del pontefice. Durante il Giubileo, la basilica diviene un punto di convergenza per i fedeli, che vi giungono per attraversare la sua Porta Santa, aperta solennemente dal Papa all&#8217;inizio dell&#8217;Anno Santo. Questo gesto rappresenta l&#8217;ingresso in un percorso di conversione e di grazia, un invito a lasciarsi alle spalle le difficolt\u00e0 e a rinnovare la propria fede.<\/p>\n<\/div><figure class=\"wp-block-media-text__media\"><img loading=\"lazy\" decoding=\"async\" width=\"1024\" height=\"767\" src=\"https:\/\/iubilaeum2025roma.com\/wp-content\/uploads\/2024\/03\/giubileo_2025_San_Giovanni_in_Laterano-1024x767.jpg\" alt=\"\" class=\"wp-image-57 size-full\" srcset=\"https:\/\/iubilaeum2025roma.com\/wp-content\/uploads\/2024\/03\/giubileo_2025_San_Giovanni_in_Laterano-1024x767.jpg 1024w, https:\/\/iubilaeum2025roma.com\/wp-content\/uploads\/2024\/03\/giubileo_2025_San_Giovanni_in_Laterano-300x225.jpg 300w, https:\/\/iubilaeum2025roma.com\/wp-content\/uploads\/2024\/03\/giubileo_2025_San_Giovanni_in_Laterano-768x575.jpg 768w, https:\/\/iubilaeum2025roma.com\/wp-content\/uploads\/2024\/03\/giubileo_2025_San_Giovanni_in_Laterano.jpg 1200w\" sizes=\"(max-width: 1024px) 100vw, 1024px\" \/><\/figure><\/div>\n\n\n\n<p class=\"has-ast-global-color-8-color has-text-color has-link-color wp-elements-176d9092c71d9b2e0c23c6d58fd3ad53\">San Giovanni in Laterano, quindi, durante il Giubileo assume un ruolo non solo di luogo sacro intriso di storia e di arte, ma diventa teatro di un intenso vissuto religioso che, sotto la guida di Papa Francesco, celebra la misericordia, l&#8217;incontro con Dio e la solidariet\u00e0 tra i popoli. Il Giubileo enfatizza la centralit\u00e0 di questa basilica non solo come costruzione fisica ma come casa spirituale dove ogni fedele \u00e8 chiamato a riflettere e a crescere nella propria dimensione spirituale.<\/p>\n","protected":false},"excerpt":{"rendered":"<p>La Basilica di San Giovanni in Laterano, la cattedrale del Vescovo di Roma, Papa Francesco, riveste un&#8217;importanza fondamentale nel Giubileo. [&hellip;]<\/p>\n","protected":false},"author":1,"featured_media":0,"parent":0,"menu_order":0,"comment_status":"closed","ping_status":"closed","template":"","meta":{"site-sidebar-layout":"default","site-content-layout":"","ast-site-content-layout":"","site-content-style":"default","site-sidebar-style":"default","ast-global-header-display":"","ast-banner-title-visibility":"","ast-main-header-display":"","ast-hfb-above-header-display":"","ast-hfb-below-header-display":"","ast-hfb-mobile-header-display":"","site-post-title":"","ast-breadcrumbs-content":"","ast-featured-img":"","footer-sml-layout":"","theme-transparent-header-meta":"","adv-header-id-meta":"","stick-header-meta":"","header-above-stick-meta":"","header-main-stick-meta":"","header-below-stick-meta":"","astra-migrate-meta-layouts":"default","ast-page-background-enabled":"default","ast-page-background-meta":{"desktop":{"background-color":"var(--ast-global-color-4)","background-image":"","background-repeat":"repeat","background-position":"center center","background-size":"auto","background-attachment":"scroll","background-type":"","background-media":"","overlay-type":"","overlay-color":"","overlay-gradient":""},"tablet":{"background-color":"","background-image":"","background-repeat":"repeat","background-position":"center center","background-size":"auto","background-attachment":"scroll","background-type":"","background-media":"","overlay-type":"","overlay-color":"","overlay-gradient":""},"mobile":{"background-color":"","background-image":"","background-repeat":"repeat","background-position":"center center","background-size":"auto","background-attachment":"scroll","background-type":"","background-media":"","overlay-type":"","overlay-color":"","overlay-gradient":""}},"ast-content-background-meta":{"desktop":{"background-color":"var(--ast-global-color-5)","background-image":"","background-repeat":"repeat","background-position":"center center","background-size":"auto","background-attachment":"scroll","background-type":"","background-media":"","overlay-type":"","overlay-color":"","overlay-gradient":""},"tablet":{"background-color":"var(--ast-global-color-5)","background-image":"","background-repeat":"repeat","background-position":"center center","background-size":"auto","background-attachment":"scroll","background-type":"","background-media":"","overlay-type":"","overlay-color":"","overlay-gradient":""},"mobile":{"background-color":"var(--ast-global-color-5)","background-image":"","background-repeat":"repeat","background-position":"center center","background-size":"auto","background-attachment":"scroll","background-type":"","background-media":"","overlay-type":"","overlay-color":"","overlay-gradient":""}},"footnotes":""},"aioseo_notices":[],"_links":{"self":[{"href":"https:\/\/iubilaeum2025roma.com\/index.php\/wp-json\/wp\/v2\/pages\/56"}],"collection":[{"href":"https:\/\/iubilaeum2025roma.com\/index.php\/wp-json\/wp\/v2\/pages"}],"about":[{"href":"https:\/\/iubilaeum2025roma.com\/index.php\/wp-json\/wp\/v2\/types\/page"}],"author":[{"embeddable":true,"href":"https:\/\/iubilaeum2025roma.com\/index.php\/wp-json\/wp\/v2\/users\/1"}],"replies":[{"embeddable":true,"href":"https:\/\/iubilaeum2025roma.com\/index.php\/wp-json\/wp\/v2\/comments?post=56"}],"version-history":[{"count":1,"href":"https:\/\/iubilaeum2025roma.com\/index.php\/wp-json\/wp\/v2\/pages\/56\/revisions"}],"predecessor-version":[{"id":58,"href":"https:\/\/iubilaeum2025roma.com\/index.php\/wp-json\/wp\/v2\/pages\/56\/revisions\/58"}],"wp:attachment":[{"href":"https:\/\/iubilaeum2025roma.com\/index.php\/wp-json\/wp\/v2\/media?parent=56"}],"curies":[{"name":"wp","href":"https:\/\/api.w.org\/{rel}","templated":true}]}}