{"id":401,"date":"2024-03-17T17:20:38","date_gmt":"2024-03-17T16:20:38","guid":{"rendered":"https:\/\/iubilaeum2025roma.com\/?page_id=401"},"modified":"2024-03-17T17:20:41","modified_gmt":"2024-03-17T16:20:41","slug":"ungheria-santo-stefano-rotondo-al-celio","status":"publish","type":"page","link":"https:\/\/iubilaeum2025roma.com\/index.php\/ungheria-santo-stefano-rotondo-al-celio\/","title":{"rendered":"Ungheria &#8211; Santo Stefano Rotondo al Celio"},"content":{"rendered":"\n<p>Nel Liber Pontificalis si attribuisce a Papa Simplicio, nel periodo tra 468 e 483, l&#8217;iniziativa di costruire la basilica, dedicandola a Santo Stefano e innalzandola su quello che un tempo era una caserma romana. Quest&#8217;ultima venne demolita e il suo sito raso al suolo per fare spazio alla basilica, verosimilmente nel corso del V secolo.<\/p>\n\n\n\n<p>La configurazione definitiva della chiesa, tuttavia, si concretizz\u00f2 solo nel XII secolo.<\/p>\n\n\n\n<p>Durante il papato di Teodoro I, tra il 642 e il 649, furono trasferite nella basilica le reliquie dei martiri Primo e Feliciano, provenienti dalle catacombe lungo la Via Nomentana, e collocate in una cappella a nord-est dedicata a loro.<\/p>\n\n\n\n<p>Sotto il pontificato di Nicola V, dal 1447 al 1455, la responsabilit\u00e0 della chiesa, all&#8217;epoca in degrado, fu conferita all&#8217;ordine paolino ungherese. Ci\u00f2 fu possibile grazie a Kapusi B\u00e1lint, procuratore dell&#8217;ordine, che manteneva stretti legami con il pontefice. Di conseguenza, l&#8217;altare maggiore fu dedicato anche a santi della dinastia reale ungherese degli \u00c1rp\u00e1d, includendo Santo Stefano, primo re d&#8217;Ungheria, suo figlio Sant&#8217;Emerico, e Re Ladislao.<\/p>\n\n\n\n<p>Nel 1580, grazie al sostegno di Papa Gregorio XIII, fu istituito il Collegium Hungaricum. A causa di difficolt\u00e0 finanziarie, questo istituto fu successivamente amalgamato al Collegio Germanico, con l&#8217;obiettivo di formare sacerdoti adeguatamente preparati a supportare la Controriforma cattolica.<\/p>\n\n\n\n<iframe src=\"https:\/\/www.google.com\/maps\/embed?pb=!1m18!1m12!1m3!1d5940.77115264386!2d12.494177576089736!3d41.88456416500924!2m3!1f0!2f0!3f0!3m2!1i1024!2i768!4f13.1!3m3!1m2!1s0x132f61c7cae3e9fb%3A0xbd7d43e12d2fbcc2!2sBasilica%20di%20Santo%20Stefano%20Rotondo%20al%20Celio!5e0!3m2!1sit!2sit!4v1710692430773!5m2!1sit!2sit\" width=\"600\" height=\"450\" style=\"border:0;\" allowfullscreen=\"\" loading=\"lazy\" referrerpolicy=\"no-referrer-when-downgrade\"><\/iframe>\n","protected":false},"excerpt":{"rendered":"<p>Nel Liber Pontificalis si attribuisce a Papa Simplicio, nel periodo tra 468 e 483, l&#8217;iniziativa di costruire la basilica, dedicandola [&hellip;]<\/p>\n","protected":false},"author":1,"featured_media":402,"parent":0,"menu_order":0,"comment_status":"closed","ping_status":"closed","template":"","meta":{"site-sidebar-layout":"default","site-content-layout":"","ast-site-content-layout":"","site-content-style":"default","site-sidebar-style":"default","ast-global-header-display":"","ast-banner-title-visibility":"","ast-main-header-display":"","ast-hfb-above-header-display":"","ast-hfb-below-header-display":"","ast-hfb-mobile-header-display":"","site-post-title":"","ast-breadcrumbs-content":"","ast-featured-img":"","footer-sml-layout":"","theme-transparent-header-meta":"","adv-header-id-meta":"","stick-header-meta":"","header-above-stick-meta":"","header-main-stick-meta":"","header-below-stick-meta":"","astra-migrate-meta-layouts":"default","ast-page-background-enabled":"default","ast-page-background-meta":{"desktop":{"background-color":"var(--ast-global-color-4)","background-image":"","background-repeat":"repeat","background-position":"center center","background-size":"auto","background-attachment":"scroll","background-type":"","background-media":"","overlay-type":"","overlay-color":"","overlay-gradient":""},"tablet":{"background-color":"","background-image":"","background-repeat":"repeat","background-position":"center center","background-size":"auto","background-attachment":"scroll","background-type":"","background-media":"","overlay-type":"","overlay-color":"","overlay-gradient":""},"mobile":{"background-color":"","background-image":"","background-repeat":"repeat","background-position":"center center","background-size":"auto","background-attachment":"scroll","background-type":"","background-media":"","overlay-type":"","overlay-color":"","overlay-gradient":""}},"ast-content-background-meta":{"desktop":{"background-color":"var(--ast-global-color-5)","background-image":"","background-repeat":"repeat","background-position":"center center","background-size":"auto","background-attachment":"scroll","background-type":"","background-media":"","overlay-type":"","overlay-color":"","overlay-gradient":""},"tablet":{"background-color":"var(--ast-global-color-5)","background-image":"","background-repeat":"repeat","background-position":"center center","background-size":"auto","background-attachment":"scroll","background-type":"","background-media":"","overlay-type":"","overlay-color":"","overlay-gradient":""},"mobile":{"background-color":"var(--ast-global-color-5)","background-image":"","background-repeat":"repeat","background-position":"center center","background-size":"auto","background-attachment":"scroll","background-type":"","background-media":"","overlay-type":"","overlay-color":"","overlay-gradient":""}},"footnotes":""},"aioseo_notices":[],"_links":{"self":[{"href":"https:\/\/iubilaeum2025roma.com\/index.php\/wp-json\/wp\/v2\/pages\/401"}],"collection":[{"href":"https:\/\/iubilaeum2025roma.com\/index.php\/wp-json\/wp\/v2\/pages"}],"about":[{"href":"https:\/\/iubilaeum2025roma.com\/index.php\/wp-json\/wp\/v2\/types\/page"}],"author":[{"embeddable":true,"href":"https:\/\/iubilaeum2025roma.com\/index.php\/wp-json\/wp\/v2\/users\/1"}],"replies":[{"embeddable":true,"href":"https:\/\/iubilaeum2025roma.com\/index.php\/wp-json\/wp\/v2\/comments?post=401"}],"version-history":[{"count":1,"href":"https:\/\/iubilaeum2025roma.com\/index.php\/wp-json\/wp\/v2\/pages\/401\/revisions"}],"predecessor-version":[{"id":403,"href":"https:\/\/iubilaeum2025roma.com\/index.php\/wp-json\/wp\/v2\/pages\/401\/revisions\/403"}],"wp:featuredmedia":[{"embeddable":true,"href":"https:\/\/iubilaeum2025roma.com\/index.php\/wp-json\/wp\/v2\/media\/402"}],"wp:attachment":[{"href":"https:\/\/iubilaeum2025roma.com\/index.php\/wp-json\/wp\/v2\/media?parent=401"}],"curies":[{"name":"wp","href":"https:\/\/api.w.org\/{rel}","templated":true}]}}