{"id":334,"date":"2024-03-17T16:39:12","date_gmt":"2024-03-17T15:39:12","guid":{"rendered":"https:\/\/iubilaeum2025roma.com\/?page_id=334"},"modified":"2024-03-17T16:39:14","modified_gmt":"2024-03-17T15:39:14","slug":"croazia-san-girolamo-dei-croati","status":"publish","type":"page","link":"https:\/\/iubilaeum2025roma.com\/index.php\/croazia-san-girolamo-dei-croati\/","title":{"rendered":"Croazia &#8211; San Girolamo dei Croati"},"content":{"rendered":"\n<p>L&#8217;attuale chiesa trae le sue radici dall&#8217;anno 1585, periodo in cui papa Sisto V, di origine croata, sal\u00ec al pontificato e desider\u00f2 erigere un edificio sacro in onore di san Girolamo, anch&#8217;egli di nazionalit\u00e0 croata. Le rappresentazioni della vita del santo sono ampiamente presenti nell&#8217;ornamentazione interna, evidenziando cos\u00ec la fervente venerazione di papa Sisto V e il suo profondo collegamento con la Croazia. Per la comunit\u00e0 croata, questo tempio rimane un punto di riferimento spirituale di grande significato fino ai giorni nostri.<\/p>\n\n\n\n<iframe src=\"https:\/\/www.google.com\/maps\/embed?pb=!1m18!1m12!1m3!1d2969.430495695972!2d12.472982676090659!3d41.90510346372301!2m3!1f0!2f0!3f0!3m2!1i1024!2i768!4f13.1!3m3!1m2!1s0x132f6056c2324c0b%3A0xb09856a5962d79cf!2sChiesa%20di%20San%20Girolamo%20dei%20Croati!5e0!3m2!1sit!2sit!4v1710689941445!5m2!1sit!2sit\" width=\"600\" height=\"450\" style=\"border:0;\" allowfullscreen=\"\" loading=\"lazy\" referrerpolicy=\"no-referrer-when-downgrade\"><\/iframe>\n","protected":false},"excerpt":{"rendered":"<p>L&#8217;attuale chiesa trae le sue radici dall&#8217;anno 1585, periodo in cui papa Sisto V, di origine croata, sal\u00ec al pontificato [&hellip;]<\/p>\n","protected":false},"author":1,"featured_media":335,"parent":0,"menu_order":0,"comment_status":"closed","ping_status":"closed","template":"","meta":{"site-sidebar-layout":"default","site-content-layout":"","ast-site-content-layout":"","site-content-style":"default","site-sidebar-style":"default","ast-global-header-display":"","ast-banner-title-visibility":"","ast-main-header-display":"","ast-hfb-above-header-display":"","ast-hfb-below-header-display":"","ast-hfb-mobile-header-display":"","site-post-title":"","ast-breadcrumbs-content":"","ast-featured-img":"","footer-sml-layout":"","theme-transparent-header-meta":"","adv-header-id-meta":"","stick-header-meta":"","header-above-stick-meta":"","header-main-stick-meta":"","header-below-stick-meta":"","astra-migrate-meta-layouts":"default","ast-page-background-enabled":"default","ast-page-background-meta":{"desktop":{"background-color":"var(--ast-global-color-4)","background-image":"","background-repeat":"repeat","background-position":"center center","background-size":"auto","background-attachment":"scroll","background-type":"","background-media":"","overlay-type":"","overlay-color":"","overlay-gradient":""},"tablet":{"background-color":"","background-image":"","background-repeat":"repeat","background-position":"center center","background-size":"auto","background-attachment":"scroll","background-type":"","background-media":"","overlay-type":"","overlay-color":"","overlay-gradient":""},"mobile":{"background-color":"","background-image":"","background-repeat":"repeat","background-position":"center center","background-size":"auto","background-attachment":"scroll","background-type":"","background-media":"","overlay-type":"","overlay-color":"","overlay-gradient":""}},"ast-content-background-meta":{"desktop":{"background-color":"var(--ast-global-color-5)","background-image":"","background-repeat":"repeat","background-position":"center center","background-size":"auto","background-attachment":"scroll","background-type":"","background-media":"","overlay-type":"","overlay-color":"","overlay-gradient":""},"tablet":{"background-color":"var(--ast-global-color-5)","background-image":"","background-repeat":"repeat","background-position":"center center","background-size":"auto","background-attachment":"scroll","background-type":"","background-media":"","overlay-type":"","overlay-color":"","overlay-gradient":""},"mobile":{"background-color":"var(--ast-global-color-5)","background-image":"","background-repeat":"repeat","background-position":"center center","background-size":"auto","background-attachment":"scroll","background-type":"","background-media":"","overlay-type":"","overlay-color":"","overlay-gradient":""}},"footnotes":""},"aioseo_notices":[],"_links":{"self":[{"href":"https:\/\/iubilaeum2025roma.com\/index.php\/wp-json\/wp\/v2\/pages\/334"}],"collection":[{"href":"https:\/\/iubilaeum2025roma.com\/index.php\/wp-json\/wp\/v2\/pages"}],"about":[{"href":"https:\/\/iubilaeum2025roma.com\/index.php\/wp-json\/wp\/v2\/types\/page"}],"author":[{"embeddable":true,"href":"https:\/\/iubilaeum2025roma.com\/index.php\/wp-json\/wp\/v2\/users\/1"}],"replies":[{"embeddable":true,"href":"https:\/\/iubilaeum2025roma.com\/index.php\/wp-json\/wp\/v2\/comments?post=334"}],"version-history":[{"count":1,"href":"https:\/\/iubilaeum2025roma.com\/index.php\/wp-json\/wp\/v2\/pages\/334\/revisions"}],"predecessor-version":[{"id":336,"href":"https:\/\/iubilaeum2025roma.com\/index.php\/wp-json\/wp\/v2\/pages\/334\/revisions\/336"}],"wp:featuredmedia":[{"embeddable":true,"href":"https:\/\/iubilaeum2025roma.com\/index.php\/wp-json\/wp\/v2\/media\/335"}],"wp:attachment":[{"href":"https:\/\/iubilaeum2025roma.com\/index.php\/wp-json\/wp\/v2\/media?parent=334"}],"curies":[{"name":"wp","href":"https:\/\/api.w.org\/{rel}","templated":true}]}}