{"id":312,"date":"2024-03-17T15:59:39","date_gmt":"2024-03-17T14:59:39","guid":{"rendered":"https:\/\/iubilaeum2025roma.com\/?page_id=312"},"modified":"2024-03-17T16:29:05","modified_gmt":"2024-03-17T15:29:05","slug":"austria-s-maria-dellanima","status":"publish","type":"page","link":"https:\/\/iubilaeum2025roma.com\/index.php\/austria-s-maria-dellanima\/","title":{"rendered":"Austria &#8211; S. Maria dell&#8217;Anima"},"content":{"rendered":"\n<p>Il nome di questa sacra edificio \u00e8 ispirato dall&#8217;icona della Madonna che appare nello stemma (la Sacra Vergine affiancata da due figure).<\/p>\n\n\n\n<p>La sua istituzione risale al 1350, quando Johannes e Katharina Peters di Dordrecht fecero l&#8217;acquisto di tre abitazioni, trasformandole in un rifugio privato destinato all&#8217;ospitalit\u00e0 dei viandanti in occasione del Giubileo di quell&#8217;anno. La costruzione della facciata, opera di Andrea Sansovino, riflette lo stile del Rinascimento italiano e venne portata a termine da Giuliano da Sangallo.<\/p>\n\n\n\n<p>Pi\u00f9 avanti, il 21 maggio 1406, papa Innocenzo VII proclam\u00f2 l&#8217;istituzione libera da qualsiasi autorit\u00e0 eccetto quella della Chiesa, assicurandole la sua diretta tutela.<\/p>\n\n\n\n<p>L&#8217;edificio religioso divenne rapidamente un punto di riferimento essenziale per i viaggiatori di lingua tedesca, in gran parte grazie ai legami consolidati con la casata degli Asburgo d&#8217;Austria, simboleggiata dalla presenza ricorrente dell&#8217;aquila bicipite nelle decorazioni.<\/p>\n\n\n\n<iframe src=\"https:\/\/www.google.com\/maps\/embed?pb=!1m18!1m12!1m3!1d2969.6787409246544!2d12.469424276090423!3d41.89976566405738!2m3!1f0!2f0!3f0!3m2!1i1024!2i768!4f13.1!3m3!1m2!1s0x132f604554ab7cf1%3A0x546ba30987705518!2sS.%20Maria%20dell&#39;Anima%20-%20Pontificio%20Istituto%20Teutonico!5e0!3m2!1sit!2sit!4v1710689324724!5m2!1sit!2sit\" width=\"600\" height=\"450\" style=\"border:0;\" allowfullscreen=\"\" loading=\"lazy\" referrerpolicy=\"no-referrer-when-downgrade\"><\/iframe>\n","protected":false},"excerpt":{"rendered":"<p>Il nome di questa sacra edificio \u00e8 ispirato dall&#8217;icona della Madonna che appare nello stemma (la Sacra Vergine affiancata da [&hellip;]<\/p>\n","protected":false},"author":1,"featured_media":322,"parent":0,"menu_order":0,"comment_status":"closed","ping_status":"closed","template":"","meta":{"site-sidebar-layout":"default","site-content-layout":"","ast-site-content-layout":"","site-content-style":"default","site-sidebar-style":"default","ast-global-header-display":"","ast-banner-title-visibility":"","ast-main-header-display":"","ast-hfb-above-header-display":"","ast-hfb-below-header-display":"","ast-hfb-mobile-header-display":"","site-post-title":"","ast-breadcrumbs-content":"","ast-featured-img":"","footer-sml-layout":"","theme-transparent-header-meta":"","adv-header-id-meta":"","stick-header-meta":"","header-above-stick-meta":"","header-main-stick-meta":"","header-below-stick-meta":"","astra-migrate-meta-layouts":"default","ast-page-background-enabled":"default","ast-page-background-meta":{"desktop":{"background-color":"var(--ast-global-color-4)","background-image":"","background-repeat":"repeat","background-position":"center center","background-size":"auto","background-attachment":"scroll","background-type":"","background-media":"","overlay-type":"","overlay-color":"","overlay-gradient":""},"tablet":{"background-color":"","background-image":"","background-repeat":"repeat","background-position":"center center","background-size":"auto","background-attachment":"scroll","background-type":"","background-media":"","overlay-type":"","overlay-color":"","overlay-gradient":""},"mobile":{"background-color":"","background-image":"","background-repeat":"repeat","background-position":"center center","background-size":"auto","background-attachment":"scroll","background-type":"","background-media":"","overlay-type":"","overlay-color":"","overlay-gradient":""}},"ast-content-background-meta":{"desktop":{"background-color":"var(--ast-global-color-5)","background-image":"","background-repeat":"repeat","background-position":"center center","background-size":"auto","background-attachment":"scroll","background-type":"","background-media":"","overlay-type":"","overlay-color":"","overlay-gradient":""},"tablet":{"background-color":"var(--ast-global-color-5)","background-image":"","background-repeat":"repeat","background-position":"center center","background-size":"auto","background-attachment":"scroll","background-type":"","background-media":"","overlay-type":"","overlay-color":"","overlay-gradient":""},"mobile":{"background-color":"var(--ast-global-color-5)","background-image":"","background-repeat":"repeat","background-position":"center center","background-size":"auto","background-attachment":"scroll","background-type":"","background-media":"","overlay-type":"","overlay-color":"","overlay-gradient":""}},"footnotes":""},"aioseo_notices":[],"_links":{"self":[{"href":"https:\/\/iubilaeum2025roma.com\/index.php\/wp-json\/wp\/v2\/pages\/312"}],"collection":[{"href":"https:\/\/iubilaeum2025roma.com\/index.php\/wp-json\/wp\/v2\/pages"}],"about":[{"href":"https:\/\/iubilaeum2025roma.com\/index.php\/wp-json\/wp\/v2\/types\/page"}],"author":[{"embeddable":true,"href":"https:\/\/iubilaeum2025roma.com\/index.php\/wp-json\/wp\/v2\/users\/1"}],"replies":[{"embeddable":true,"href":"https:\/\/iubilaeum2025roma.com\/index.php\/wp-json\/wp\/v2\/comments?post=312"}],"version-history":[{"count":3,"href":"https:\/\/iubilaeum2025roma.com\/index.php\/wp-json\/wp\/v2\/pages\/312\/revisions"}],"predecessor-version":[{"id":323,"href":"https:\/\/iubilaeum2025roma.com\/index.php\/wp-json\/wp\/v2\/pages\/312\/revisions\/323"}],"wp:featuredmedia":[{"embeddable":true,"href":"https:\/\/iubilaeum2025roma.com\/index.php\/wp-json\/wp\/v2\/media\/322"}],"wp:attachment":[{"href":"https:\/\/iubilaeum2025roma.com\/index.php\/wp-json\/wp\/v2\/media?parent=312"}],"curies":[{"name":"wp","href":"https:\/\/api.w.org\/{rel}","templated":true}]}}