{"id":266,"date":"2024-03-17T14:29:21","date_gmt":"2024-03-17T13:29:21","guid":{"rendered":"https:\/\/iubilaeum2025roma.com\/?page_id=266"},"modified":"2024-03-17T14:32:41","modified_gmt":"2024-03-17T13:32:41","slug":"percorso-sette-chiese","status":"publish","type":"page","link":"https:\/\/iubilaeum2025roma.com\/index.php\/percorso-sette-chiese\/","title":{"rendered":"Percorso Sette Chiese"},"content":{"rendered":"\n<p>La visita alle Sette Chiese, un&#8217;usanza concepita nel 16\u00b0 secolo da San Filippo Neri, \u00e8 una delle tradizioni pi\u00f9 storiche di Roma. Questo itinerario religioso, che si estende per circa 25 chilometri, percorre l&#8217;intera citt\u00e0 fino a toccare le zone campestri limitrofe, attraversando le catacombe e includendo la visita a splendide basiliche romane.<\/p>\n\n\n\n<div class=\"wp-block-columns is-layout-flex wp-container-core-columns-layout-1 wp-block-columns-is-layout-flex\">\n<div class=\"wp-block-column is-layout-flow wp-block-column-is-layout-flow\">\n<figure class=\"wp-block-image aligncenter size-large is-resized\"><a href=\"https:\/\/iubilaeum2025roma.com\/index.php\/la-basilica-di-san-pietro-in-vaticano\/\"><img loading=\"lazy\" decoding=\"async\" width=\"1024\" height=\"683\" src=\"https:\/\/iubilaeum2025roma.com\/wp-content\/uploads\/2024\/03\/giubileo_2025_san_pietro_basilica-1-1024x683.jpg\" alt=\"\" class=\"wp-image-247\" style=\"width:348px;height:auto\" srcset=\"https:\/\/iubilaeum2025roma.com\/wp-content\/uploads\/2024\/03\/giubileo_2025_san_pietro_basilica-1-1024x683.jpg 1024w, https:\/\/iubilaeum2025roma.com\/wp-content\/uploads\/2024\/03\/giubileo_2025_san_pietro_basilica-1-300x200.jpg 300w, https:\/\/iubilaeum2025roma.com\/wp-content\/uploads\/2024\/03\/giubileo_2025_san_pietro_basilica-1-768x512.jpg 768w, https:\/\/iubilaeum2025roma.com\/wp-content\/uploads\/2024\/03\/giubileo_2025_san_pietro_basilica-1-1536x1024.jpg 1536w, https:\/\/iubilaeum2025roma.com\/wp-content\/uploads\/2024\/03\/giubileo_2025_san_pietro_basilica-1-2048x1365.jpg 2048w\" sizes=\"(max-width: 1024px) 100vw, 1024px\" \/><\/a><figcaption class=\"wp-element-caption\"><strong>Basilica di San Pietro<\/strong><\/figcaption><\/figure>\n<\/div>\n\n\n\n<div class=\"wp-block-column is-layout-flow wp-block-column-is-layout-flow\">\n<figure class=\"wp-block-image aligncenter size-large is-resized\"><a href=\"https:\/\/iubilaeum2025roma.com\/index.php\/la-basilica-di-san-giovanni-in-laterano\/\"><img loading=\"lazy\" decoding=\"async\" width=\"1024\" height=\"767\" src=\"https:\/\/iubilaeum2025roma.com\/wp-content\/uploads\/2024\/03\/giubileo_2025_San_Giovanni_in_Laterano-1-1024x767.jpg\" alt=\"\" class=\"wp-image-246\" style=\"width:292px;height:auto\" srcset=\"https:\/\/iubilaeum2025roma.com\/wp-content\/uploads\/2024\/03\/giubileo_2025_San_Giovanni_in_Laterano-1-1024x767.jpg 1024w, https:\/\/iubilaeum2025roma.com\/wp-content\/uploads\/2024\/03\/giubileo_2025_San_Giovanni_in_Laterano-1-300x225.jpg 300w, https:\/\/iubilaeum2025roma.com\/wp-content\/uploads\/2024\/03\/giubileo_2025_San_Giovanni_in_Laterano-1-768x575.jpg 768w, https:\/\/iubilaeum2025roma.com\/wp-content\/uploads\/2024\/03\/giubileo_2025_San_Giovanni_in_Laterano-1.jpg 1200w\" sizes=\"(max-width: 1024px) 100vw, 1024px\" \/><\/a><figcaption class=\"wp-element-caption\"><strong>Basilica di San Giovanni<\/strong><\/figcaption><\/figure>\n<\/div>\n\n\n\n<div class=\"wp-block-column is-layout-flow wp-block-column-is-layout-flow\">\n<figure class=\"wp-block-image aligncenter size-full is-resized\"><a href=\"https:\/\/iubilaeum2025roma.com\/index.php\/la-basilica-di-santa-maria-maggiore\/\"><img loading=\"lazy\" decoding=\"async\" width=\"512\" height=\"384\" src=\"https:\/\/iubilaeum2025roma.com\/wp-content\/uploads\/2024\/03\/giubileo_2025_basilica_santa_maria_maggiore.jpg\" alt=\"\" class=\"wp-image-254\" style=\"width:289px;height:auto\" srcset=\"https:\/\/iubilaeum2025roma.com\/wp-content\/uploads\/2024\/03\/giubileo_2025_basilica_santa_maria_maggiore.jpg 512w, https:\/\/iubilaeum2025roma.com\/wp-content\/uploads\/2024\/03\/giubileo_2025_basilica_santa_maria_maggiore-300x225.jpg 300w\" sizes=\"(max-width: 512px) 100vw, 512px\" \/><\/a><figcaption class=\"wp-element-caption\"><strong>Basilica di Santa Maria Maggiore<\/strong><\/figcaption><\/figure>\n<\/div>\n<\/div>\n\n\n\n<div class=\"wp-block-columns is-layout-flex wp-container-core-columns-layout-2 wp-block-columns-is-layout-flex\">\n<div class=\"wp-block-column is-layout-flow wp-block-column-is-layout-flow\">\n<figure class=\"wp-block-image aligncenter size-large is-resized\"><a href=\"https:\/\/iubilaeum2025roma.com\/index.php\/la-basilica-di-san-paolo-fuori-le-mura\/\"><img loading=\"lazy\" decoding=\"async\" width=\"1024\" height=\"796\" src=\"https:\/\/iubilaeum2025roma.com\/wp-content\/uploads\/2024\/03\/giubileo_2025_Basilica_Papale_San_Paolo_fuori_le_Mura-1024x796.jpg\" alt=\"\" class=\"wp-image-255\" style=\"width:237px;height:auto\" srcset=\"https:\/\/iubilaeum2025roma.com\/wp-content\/uploads\/2024\/03\/giubileo_2025_Basilica_Papale_San_Paolo_fuori_le_Mura-1024x796.jpg 1024w, https:\/\/iubilaeum2025roma.com\/wp-content\/uploads\/2024\/03\/giubileo_2025_Basilica_Papale_San_Paolo_fuori_le_Mura-300x233.jpg 300w, https:\/\/iubilaeum2025roma.com\/wp-content\/uploads\/2024\/03\/giubileo_2025_Basilica_Papale_San_Paolo_fuori_le_Mura-768x597.jpg 768w, https:\/\/iubilaeum2025roma.com\/wp-content\/uploads\/2024\/03\/giubileo_2025_Basilica_Papale_San_Paolo_fuori_le_Mura-1536x1195.jpg 1536w, https:\/\/iubilaeum2025roma.com\/wp-content\/uploads\/2024\/03\/giubileo_2025_Basilica_Papale_San_Paolo_fuori_le_Mura-2048x1593.jpg 2048w\" sizes=\"(max-width: 1024px) 100vw, 1024px\" \/><\/a><figcaption class=\"wp-element-caption\"><strong>Basilica di San Paolo<\/strong><\/figcaption><\/figure>\n<\/div>\n\n\n\n<div class=\"wp-block-column is-layout-flow wp-block-column-is-layout-flow\">\n<figure class=\"wp-block-image aligncenter size-large is-resized\"><a href=\"https:\/\/iubilaeum2025roma.com\/index.php\/basilica-di-san-lorenzo-fuori-le-mura\/\"><img loading=\"lazy\" decoding=\"async\" width=\"1024\" height=\"576\" src=\"https:\/\/iubilaeum2025roma.com\/wp-content\/uploads\/2024\/03\/giubileo_2025_Basilica-di-San-Lorenzo-fuori-le-mura_copertina-1024x576.jpg\" alt=\"\" class=\"wp-image-267\" style=\"width:523px;height:auto\" srcset=\"https:\/\/iubilaeum2025roma.com\/wp-content\/uploads\/2024\/03\/giubileo_2025_Basilica-di-San-Lorenzo-fuori-le-mura_copertina-1024x576.jpg 1024w, https:\/\/iubilaeum2025roma.com\/wp-content\/uploads\/2024\/03\/giubileo_2025_Basilica-di-San-Lorenzo-fuori-le-mura_copertina-300x169.jpg 300w, https:\/\/iubilaeum2025roma.com\/wp-content\/uploads\/2024\/03\/giubileo_2025_Basilica-di-San-Lorenzo-fuori-le-mura_copertina-768x432.jpg 768w, https:\/\/iubilaeum2025roma.com\/wp-content\/uploads\/2024\/03\/giubileo_2025_Basilica-di-San-Lorenzo-fuori-le-mura_copertina-1536x864.jpg 1536w, https:\/\/iubilaeum2025roma.com\/wp-content\/uploads\/2024\/03\/giubileo_2025_Basilica-di-San-Lorenzo-fuori-le-mura_copertina.jpg 1920w\" sizes=\"(max-width: 1024px) 100vw, 1024px\" \/><\/a><figcaption class=\"wp-element-caption\"><strong>Basilica di San Lorenzo<\/strong><\/figcaption><\/figure>\n<\/div>\n\n\n\n<div class=\"wp-block-column is-layout-flow wp-block-column-is-layout-flow\">\n<figure class=\"wp-block-image aligncenter size-full is-resized\"><a href=\"https:\/\/iubilaeum2025roma.com\/index.php\/basilica-di-santa-croce-in-gerusalemme\/\"><img loading=\"lazy\" decoding=\"async\" width=\"1920\" height=\"1080\" src=\"https:\/\/iubilaeum2025roma.com\/wp-content\/uploads\/2024\/03\/giubileo_2025_basilica_santa_croce_gerusalemme.jpg\" alt=\"\" class=\"wp-image-268\" style=\"width:523px;height:auto\" srcset=\"https:\/\/iubilaeum2025roma.com\/wp-content\/uploads\/2024\/03\/giubileo_2025_basilica_santa_croce_gerusalemme.jpg 1920w, https:\/\/iubilaeum2025roma.com\/wp-content\/uploads\/2024\/03\/giubileo_2025_basilica_santa_croce_gerusalemme-300x169.jpg 300w, https:\/\/iubilaeum2025roma.com\/wp-content\/uploads\/2024\/03\/giubileo_2025_basilica_santa_croce_gerusalemme-1024x576.jpg 1024w, https:\/\/iubilaeum2025roma.com\/wp-content\/uploads\/2024\/03\/giubileo_2025_basilica_santa_croce_gerusalemme-768x432.jpg 768w, https:\/\/iubilaeum2025roma.com\/wp-content\/uploads\/2024\/03\/giubileo_2025_basilica_santa_croce_gerusalemme-1536x864.jpg 1536w\" sizes=\"(max-width: 1920px) 100vw, 1920px\" \/><\/a><figcaption class=\"wp-element-caption\"><strong>Basilica di Santa Croce in Gerusalemme<\/strong><\/figcaption><\/figure>\n<\/div>\n<\/div>\n\n\n\n<div class=\"wp-block-columns is-layout-flex wp-container-core-columns-layout-3 wp-block-columns-is-layout-flex\">\n<div class=\"wp-block-column is-layout-flow wp-block-column-is-layout-flow\">\n<figure class=\"wp-block-image aligncenter size-large\"><a href=\"https:\/\/iubilaeum2025roma.com\/index.php\/basilica-di-san-sebastiano-fuori-le-mura\/\"><img loading=\"lazy\" decoding=\"async\" width=\"1024\" height=\"683\" src=\"https:\/\/iubilaeum2025roma.com\/wp-content\/uploads\/2024\/03\/giubileo_2025_basilica_s._sebastiano_fuori_le_mura-1-1024x683.jpg\" alt=\"\" class=\"wp-image-270\" srcset=\"https:\/\/iubilaeum2025roma.com\/wp-content\/uploads\/2024\/03\/giubileo_2025_basilica_s._sebastiano_fuori_le_mura-1-1024x683.jpg 1024w, https:\/\/iubilaeum2025roma.com\/wp-content\/uploads\/2024\/03\/giubileo_2025_basilica_s._sebastiano_fuori_le_mura-1-300x200.jpg 300w, https:\/\/iubilaeum2025roma.com\/wp-content\/uploads\/2024\/03\/giubileo_2025_basilica_s._sebastiano_fuori_le_mura-1-768x512.jpg 768w, https:\/\/iubilaeum2025roma.com\/wp-content\/uploads\/2024\/03\/giubileo_2025_basilica_s._sebastiano_fuori_le_mura-1.jpg 1200w\" sizes=\"(max-width: 1024px) 100vw, 1024px\" \/><\/a><figcaption class=\"wp-element-caption\"><strong>Basilica di San Sebastiano<\/strong><\/figcaption><\/figure>\n<\/div>\n\n\n\n<div class=\"wp-block-column is-layout-flow wp-block-column-is-layout-flow\"><\/div>\n\n\n\n<div class=\"wp-block-column is-layout-flow wp-block-column-is-layout-flow\"><\/div>\n<\/div>\n","protected":false},"excerpt":{"rendered":"<p>La visita alle Sette Chiese, un&#8217;usanza concepita nel 16\u00b0 secolo da San Filippo Neri, \u00e8 una delle tradizioni pi\u00f9 storiche [&hellip;]<\/p>\n","protected":false},"author":1,"featured_media":0,"parent":0,"menu_order":0,"comment_status":"closed","ping_status":"closed","template":"","meta":{"site-sidebar-layout":"default","site-content-layout":"","ast-site-content-layout":"","site-content-style":"default","site-sidebar-style":"default","ast-global-header-display":"","ast-banner-title-visibility":"","ast-main-header-display":"","ast-hfb-above-header-display":"","ast-hfb-below-header-display":"","ast-hfb-mobile-header-display":"","site-post-title":"","ast-breadcrumbs-content":"","ast-featured-img":"","footer-sml-layout":"","theme-transparent-header-meta":"","adv-header-id-meta":"","stick-header-meta":"","header-above-stick-meta":"","header-main-stick-meta":"","header-below-stick-meta":"","astra-migrate-meta-layouts":"default","ast-page-background-enabled":"default","ast-page-background-meta":{"desktop":{"background-color":"var(--ast-global-color-4)","background-image":"","background-repeat":"repeat","background-position":"center center","background-size":"auto","background-attachment":"scroll","background-type":"","background-media":"","overlay-type":"","overlay-color":"","overlay-gradient":""},"tablet":{"background-color":"","background-image":"","background-repeat":"repeat","background-position":"center center","background-size":"auto","background-attachment":"scroll","background-type":"","background-media":"","overlay-type":"","overlay-color":"","overlay-gradient":""},"mobile":{"background-color":"","background-image":"","background-repeat":"repeat","background-position":"center center","background-size":"auto","background-attachment":"scroll","background-type":"","background-media":"","overlay-type":"","overlay-color":"","overlay-gradient":""}},"ast-content-background-meta":{"desktop":{"background-color":"var(--ast-global-color-5)","background-image":"","background-repeat":"repeat","background-position":"center center","background-size":"auto","background-attachment":"scroll","background-type":"","background-media":"","overlay-type":"","overlay-color":"","overlay-gradient":""},"tablet":{"background-color":"var(--ast-global-color-5)","background-image":"","background-repeat":"repeat","background-position":"center center","background-size":"auto","background-attachment":"scroll","background-type":"","background-media":"","overlay-type":"","overlay-color":"","overlay-gradient":""},"mobile":{"background-color":"var(--ast-global-color-5)","background-image":"","background-repeat":"repeat","background-position":"center center","background-size":"auto","background-attachment":"scroll","background-type":"","background-media":"","overlay-type":"","overlay-color":"","overlay-gradient":""}},"footnotes":""},"aioseo_notices":[],"_links":{"self":[{"href":"https:\/\/iubilaeum2025roma.com\/index.php\/wp-json\/wp\/v2\/pages\/266"}],"collection":[{"href":"https:\/\/iubilaeum2025roma.com\/index.php\/wp-json\/wp\/v2\/pages"}],"about":[{"href":"https:\/\/iubilaeum2025roma.com\/index.php\/wp-json\/wp\/v2\/types\/page"}],"author":[{"embeddable":true,"href":"https:\/\/iubilaeum2025roma.com\/index.php\/wp-json\/wp\/v2\/users\/1"}],"replies":[{"embeddable":true,"href":"https:\/\/iubilaeum2025roma.com\/index.php\/wp-json\/wp\/v2\/comments?post=266"}],"version-history":[{"count":6,"href":"https:\/\/iubilaeum2025roma.com\/index.php\/wp-json\/wp\/v2\/pages\/266\/revisions"}],"predecessor-version":[{"id":276,"href":"https:\/\/iubilaeum2025roma.com\/index.php\/wp-json\/wp\/v2\/pages\/266\/revisions\/276"}],"wp:attachment":[{"href":"https:\/\/iubilaeum2025roma.com\/index.php\/wp-json\/wp\/v2\/media?parent=266"}],"curies":[{"name":"wp","href":"https:\/\/api.w.org\/{rel}","templated":true}]}}