{"id":23,"date":"2024-03-14T21:38:02","date_gmt":"2024-03-14T20:38:02","guid":{"rendered":"https:\/\/iubilaeum2025roma.com\/?page_id=23"},"modified":"2024-03-17T13:07:40","modified_gmt":"2024-03-17T12:07:40","slug":"che-cose-il-giubileo","status":"publish","type":"page","link":"https:\/\/iubilaeum2025roma.com\/index.php\/che-cose-il-giubileo\/","title":{"rendered":"Che cos&#8217;\u00e8 il Giubileo"},"content":{"rendered":"\n<div class=\"wp-block-media-text has-media-on-the-right is-stacked-on-mobile\"><div class=\"wp-block-media-text__content\">\n<p><\/p>\n\n\n\n<p class=\"has-ast-global-color-8-color has-text-color has-link-color wp-elements-59552c1b24363d50f8b72b68f3e39fac\">Il Giubileo 2025, annunciato dalla Chiesa Cattolica e indetto da Papa Francesco, rappresenta un evento significativo non solo per i fedeli ma anche per l&#8217;intera comunit\u00e0 internazionale. Il Giubileo, conosciuto anche come Anno Santo, \u00e8 un tempo di grande rilevanza spirituale che invita alla riflessione, al perdono, alla riconciliazione e alla conversione del cuore. Durante il Giubileo, la Chiesa Cattolica apre le sue &#8220;Porte Sante&#8221; in varie basiliche, offrendo ai pellegrini l&#8217;opportunit\u00e0 di vivere un cammino di fede profondo e di ricevere indulgenze particolari. Il Giubileo 2025, dunque, si preannuncia come un momento di intensa spiritualit\u00e0, con iniziative e celebrazioni che mirano a rafforzare la comunione tra i fedeli e a promuovere valori universali di pace e fraternit\u00e0.<\/p>\n<\/div><figure class=\"wp-block-media-text__media\"><img loading=\"lazy\" decoding=\"async\" width=\"1024\" height=\"576\" src=\"https:\/\/iubilaeum2025roma.com\/wp-content\/uploads\/2024\/03\/giubileo_piazza_san_pietro_roma-2-1024x576.jpg\" alt=\"\" class=\"wp-image-29 size-full\" srcset=\"https:\/\/iubilaeum2025roma.com\/wp-content\/uploads\/2024\/03\/giubileo_piazza_san_pietro_roma-2-1024x576.jpg 1024w, https:\/\/iubilaeum2025roma.com\/wp-content\/uploads\/2024\/03\/giubileo_piazza_san_pietro_roma-2-300x169.jpg 300w, https:\/\/iubilaeum2025roma.com\/wp-content\/uploads\/2024\/03\/giubileo_piazza_san_pietro_roma-2-768x432.jpg 768w, https:\/\/iubilaeum2025roma.com\/wp-content\/uploads\/2024\/03\/giubileo_piazza_san_pietro_roma-2-1536x864.jpg 1536w, https:\/\/iubilaeum2025roma.com\/wp-content\/uploads\/2024\/03\/giubileo_piazza_san_pietro_roma-2.jpg 1920w\" sizes=\"(max-width: 1024px) 100vw, 1024px\" \/><\/figure><\/div>\n\n\n\n<p class=\"has-ast-global-color-8-color has-text-color has-link-color wp-elements-3f54b384c4ef43c164b8903404ccaf2a\">La scelta di indire un Giubileo come quello del 2025 segue la tradizione secolare della Chiesa Cattolica, che vede nel Giubileo un tempo straordinario di grazia e di misericordia divina. Il Giubileo, inoltre, stimola i credenti e le comunit\u00e0 a riflettere sulla loro vita spirituale e sul loro impegno nel mondo, incoraggiando gesti concreti di solidariet\u00e0 e di carit\u00e0 verso i pi\u00f9 bisognosi. Papa Francesco, nel proclamare il Giubileo 2025, ha sottolineato l&#8217;importanza di questo evento come un&#8217;occasione per la Chiesa e per i suoi membri di rinnovarsi nello spirito e nell&#8217;azione, rispondendo con coraggio e speranza alle sfide del nostro tempo.<\/p>\n\n\n\n<p class=\"has-ast-global-color-8-color has-text-color has-link-color wp-elements-cca7213475dd21ce7963ae7047d8257b\">L&#8217;eco del Giubileo 2025 si estender\u00e0 ben oltre i confini della Chiesa Cattolica, toccando cuori e menti in tutto il mondo, grazie anche al forte messaggio di fraternit\u00e0 universale che Papa Francesco intende promuovere. Attraverso il Giubileo, la Chiesa si propone come un faro di luce in un&#8217;epoca segnata da incertezze e conflitti, offrendo un messaggio di speranza e di rinascita che pu\u00f2 ispirare ogni persona, indipendentemente dalla propria fede o convinzione. Il Giubileo 2025, quindi, rappresenta un invito aperto a tutti a partecipare a questo straordinario viaggio spirituale, riscoprendo i valori dell&#8217;accoglienza, del dialogo e della pace.<\/p>\n\n\n\n<div class=\"wp-block-columns is-layout-flex wp-container-core-columns-layout-1 wp-block-columns-is-layout-flex\">\n<div class=\"wp-block-column is-layout-flow wp-block-column-is-layout-flow\">\n<div class=\"wp-block-cover\"><span aria-hidden=\"true\" class=\"wp-block-cover__background has-background-dim\"><\/span><img loading=\"lazy\" decoding=\"async\" width=\"1024\" height=\"773\" class=\"wp-block-cover__image-background wp-image-34\" alt=\"\" src=\"https:\/\/iubilaeum2025roma.com\/wp-content\/uploads\/2024\/03\/giubileo_papa_francesco_porta_santa-1024x773.jpg\" data-object-fit=\"cover\" srcset=\"https:\/\/iubilaeum2025roma.com\/wp-content\/uploads\/2024\/03\/giubileo_papa_francesco_porta_santa-1024x773.jpg 1024w, https:\/\/iubilaeum2025roma.com\/wp-content\/uploads\/2024\/03\/giubileo_papa_francesco_porta_santa-300x227.jpg 300w, https:\/\/iubilaeum2025roma.com\/wp-content\/uploads\/2024\/03\/giubileo_papa_francesco_porta_santa-768x580.jpg 768w, https:\/\/iubilaeum2025roma.com\/wp-content\/uploads\/2024\/03\/giubileo_papa_francesco_porta_santa-1536x1160.jpg 1536w, https:\/\/iubilaeum2025roma.com\/wp-content\/uploads\/2024\/03\/giubileo_papa_francesco_porta_santa-2048x1547.jpg 2048w\" sizes=\"(max-width: 1024px) 100vw, 1024px\" \/><div class=\"wp-block-cover__inner-container is-layout-flow wp-block-cover-is-layout-flow\">\n<a href=\"https:\/\/iubilaeum2025roma.com\/index.php\/porta-santa\/\" style=\"color:white;font-size:36px;\"><center>Porta Santa<\/center><\/a>\n<\/div><\/div>\n<\/div>\n\n\n\n<div class=\"wp-block-column is-layout-flow wp-block-column-is-layout-flow\">\n<div class=\"wp-block-cover\"><span aria-hidden=\"true\" class=\"wp-block-cover__background has-background-dim\"><\/span><img loading=\"lazy\" decoding=\"async\" width=\"600\" height=\"450\" class=\"wp-block-cover__image-background wp-image-38\" alt=\"\" src=\"https:\/\/iubilaeum2025roma.com\/wp-content\/uploads\/2024\/03\/giubileo_2025_Papa-Francesco-in-preghiera-1.jpg\" data-object-fit=\"cover\" srcset=\"https:\/\/iubilaeum2025roma.com\/wp-content\/uploads\/2024\/03\/giubileo_2025_Papa-Francesco-in-preghiera-1.jpg 600w, https:\/\/iubilaeum2025roma.com\/wp-content\/uploads\/2024\/03\/giubileo_2025_Papa-Francesco-in-preghiera-1-300x225.jpg 300w\" sizes=\"(max-width: 600px) 100vw, 600px\" \/><div class=\"wp-block-cover__inner-container is-layout-flow wp-block-cover-is-layout-flow\">\n<a href=\"https:\/\/iubilaeum2025roma.com\/index.php\/preghiere-giubilari\/\" style=\"color:white;font-size:36px;\"><center>Preghiere Giubilari<\/center><\/a>\n<\/div><\/div>\n<\/div>\n\n\n\n<div class=\"wp-block-column is-layout-flow wp-block-column-is-layout-flow\">\n<div class=\"wp-block-cover\"><span aria-hidden=\"true\" class=\"wp-block-cover__background has-background-dim\"><\/span><img loading=\"lazy\" decoding=\"async\" width=\"1200\" height=\"700\" class=\"wp-block-cover__image-background wp-image-43\" alt=\"\" src=\"https:\/\/iubilaeum2025roma.com\/wp-content\/uploads\/2024\/03\/giubileo_2025_indulgenza_papa-francesco-adorazione-1.jpg\" data-object-fit=\"cover\" srcset=\"https:\/\/iubilaeum2025roma.com\/wp-content\/uploads\/2024\/03\/giubileo_2025_indulgenza_papa-francesco-adorazione-1.jpg 1200w, https:\/\/iubilaeum2025roma.com\/wp-content\/uploads\/2024\/03\/giubileo_2025_indulgenza_papa-francesco-adorazione-1-300x175.jpg 300w, https:\/\/iubilaeum2025roma.com\/wp-content\/uploads\/2024\/03\/giubileo_2025_indulgenza_papa-francesco-adorazione-1-1024x597.jpg 1024w, https:\/\/iubilaeum2025roma.com\/wp-content\/uploads\/2024\/03\/giubileo_2025_indulgenza_papa-francesco-adorazione-1-768x448.jpg 768w\" sizes=\"(max-width: 1200px) 100vw, 1200px\" \/><div class=\"wp-block-cover__inner-container is-layout-flow wp-block-cover-is-layout-flow\">\n<a href=\"https:\/\/iubilaeum2025roma.com\/index.php\/indulgenza\/\" style=\"color:white;font-size:36px;\"><center>Indulgenza<\/center><\/a>\n<\/div><\/div>\n<\/div>\n<\/div>\n","protected":false},"excerpt":{"rendered":"<p>Il Giubileo 2025, annunciato dalla Chiesa Cattolica e indetto da Papa Francesco, rappresenta un evento significativo non solo per i [&hellip;]<\/p>\n","protected":false},"author":1,"featured_media":0,"parent":0,"menu_order":0,"comment_status":"closed","ping_status":"closed","template":"","meta":{"site-sidebar-layout":"default","site-content-layout":"","ast-site-content-layout":"","site-content-style":"default","site-sidebar-style":"default","ast-global-header-display":"","ast-banner-title-visibility":"","ast-main-header-display":"","ast-hfb-above-header-display":"","ast-hfb-below-header-display":"","ast-hfb-mobile-header-display":"","site-post-title":"","ast-breadcrumbs-content":"","ast-featured-img":"","footer-sml-layout":"","theme-transparent-header-meta":"","adv-header-id-meta":"","stick-header-meta":"","header-above-stick-meta":"","header-main-stick-meta":"","header-below-stick-meta":"","astra-migrate-meta-layouts":"default","ast-page-background-enabled":"default","ast-page-background-meta":{"desktop":{"background-color":"var(--ast-global-color-4)","background-image":"","background-repeat":"repeat","background-position":"center center","background-size":"auto","background-attachment":"scroll","background-type":"","background-media":"","overlay-type":"","overlay-color":"","overlay-gradient":""},"tablet":{"background-color":"","background-image":"","background-repeat":"repeat","background-position":"center center","background-size":"auto","background-attachment":"scroll","background-type":"","background-media":"","overlay-type":"","overlay-color":"","overlay-gradient":""},"mobile":{"background-color":"","background-image":"","background-repeat":"repeat","background-position":"center center","background-size":"auto","background-attachment":"scroll","background-type":"","background-media":"","overlay-type":"","overlay-color":"","overlay-gradient":""}},"ast-content-background-meta":{"desktop":{"background-color":"var(--ast-global-color-5)","background-image":"","background-repeat":"repeat","background-position":"center center","background-size":"auto","background-attachment":"scroll","background-type":"","background-media":"","overlay-type":"","overlay-color":"","overlay-gradient":""},"tablet":{"background-color":"var(--ast-global-color-5)","background-image":"","background-repeat":"repeat","background-position":"center center","background-size":"auto","background-attachment":"scroll","background-type":"","background-media":"","overlay-type":"","overlay-color":"","overlay-gradient":""},"mobile":{"background-color":"var(--ast-global-color-5)","background-image":"","background-repeat":"repeat","background-position":"center center","background-size":"auto","background-attachment":"scroll","background-type":"","background-media":"","overlay-type":"","overlay-color":"","overlay-gradient":""}},"footnotes":""},"aioseo_notices":[],"_links":{"self":[{"href":"https:\/\/iubilaeum2025roma.com\/index.php\/wp-json\/wp\/v2\/pages\/23"}],"collection":[{"href":"https:\/\/iubilaeum2025roma.com\/index.php\/wp-json\/wp\/v2\/pages"}],"about":[{"href":"https:\/\/iubilaeum2025roma.com\/index.php\/wp-json\/wp\/v2\/types\/page"}],"author":[{"embeddable":true,"href":"https:\/\/iubilaeum2025roma.com\/index.php\/wp-json\/wp\/v2\/users\/1"}],"replies":[{"embeddable":true,"href":"https:\/\/iubilaeum2025roma.com\/index.php\/wp-json\/wp\/v2\/comments?post=23"}],"version-history":[{"count":8,"href":"https:\/\/iubilaeum2025roma.com\/index.php\/wp-json\/wp\/v2\/pages\/23\/revisions"}],"predecessor-version":[{"id":235,"href":"https:\/\/iubilaeum2025roma.com\/index.php\/wp-json\/wp\/v2\/pages\/23\/revisions\/235"}],"wp:attachment":[{"href":"https:\/\/iubilaeum2025roma.com\/index.php\/wp-json\/wp\/v2\/media?parent=23"}],"curies":[{"name":"wp","href":"https:\/\/api.w.org\/{rel}","templated":true}]}}